{"id":20350,"date":"2026-03-07T19:42:13","date_gmt":"2026-03-07T19:42:13","guid":{"rendered":"http:\/\/www.ikonperdecy.com\/?page_id=20350"},"modified":"2026-03-23T13:32:08","modified_gmt":"2026-03-23T13:32:08","slug":"hakkimizda","status":"publish","type":"page","link":"https:\/\/www.ikonperdecy.com\/en\/hakkimizda\/","title":{"rendered":"About Us"},"content":{"rendered":"<div data-elementor-type=\"wp-page\" data-elementor-id=\"20350\" class=\"elementor elementor-20350\" data-elementor-post-type=\"page\">\n\t\t\t\t\t\t<section class=\"elementor-section elementor-top-section elementor-element elementor-element-d25599c elementor-section-boxed elementor-section-height-default elementor-section-height-default sc_fly_static\" data-id=\"d25599c\" data-element_type=\"section\" data-e-type=\"section\">\n\t\t\t\t\t\t<div class=\"elementor-container elementor-column-gap-extended\">\n\t\t\t\t\t<div class=\"elementor-column elementor-col-100 elementor-top-column elementor-element elementor-element-23d1cea sc_content_align_inherit sc_layouts_column_icons_position_left sc_fly_static\" data-id=\"23d1cea\" data-element_type=\"column\" data-e-type=\"column\">\n\t\t\t<div class=\"elementor-widget-wrap elementor-element-populated\">\n\t\t\t\t\t\t<div class=\"elementor-element elementor-element-a35b431 sc_height_huge sc_fly_static elementor-widget elementor-widget-spacer\" data-id=\"a35b431\" data-element_type=\"widget\" data-e-type=\"widget\" data-widget_type=\"spacer.default\">\n\t\t\t\t<div class=\"elementor-widget-container\">\n\t\t\t\t\t\t\t<div class=\"elementor-spacer\">\n\t\t\t<div class=\"elementor-spacer-inner\"><\/div>\n\t\t<\/div>\n\t\t\t\t\t\t<\/div>\n\t\t\t\t<\/div>\n\t\t\t\t\t<\/div>\n\t\t<\/div>\n\t\t\t\t\t<\/div>\n\t\t<\/section>\n\t\t\t\t<section class=\"elementor-section elementor-top-section elementor-element elementor-element-9969785 elementor-section-full_width elementor-section-content-middle elementor-section-height-default elementor-section-height-default sc_fly_static\" data-id=\"9969785\" data-element_type=\"section\" data-e-type=\"section\" data-settings=\"{&quot;background_background&quot;:&quot;classic&quot;}\">\n\t\t\t\t\t\t<div class=\"elementor-container elementor-column-gap-no\">\n\t\t\t\t\t<div class=\"elementor-column elementor-col-50 elementor-top-column elementor-element elementor-element-350d548 sc_content_align_inherit sc_layouts_column_icons_position_left sc_fly_static\" data-id=\"350d548\" data-element_type=\"column\" data-e-type=\"column\" data-settings=\"{&quot;background_background&quot;:&quot;classic&quot;}\">\n\t\t\t<div class=\"elementor-widget-wrap elementor-element-populated\">\n\t\t\t\t\t\t<section class=\"elementor-section elementor-inner-section elementor-element elementor-element-b577123 elementor-section-boxed elementor-section-height-default elementor-section-height-default sc_fly_static\" data-id=\"b577123\" data-element_type=\"section\" data-e-type=\"section\" data-settings=\"{&quot;background_background&quot;:&quot;classic&quot;}\">\n\t\t\t\t\t\t<div class=\"elementor-container elementor-column-gap-extended\">\n\t\t\t\t\t<div class=\"elementor-column elementor-col-50 elementor-inner-column elementor-element elementor-element-38ffdf7 sc_content_align_inherit sc_layouts_column_icons_position_left sc_fly_static\" data-id=\"38ffdf7\" data-element_type=\"column\" data-e-type=\"column\" data-settings=\"{&quot;background_background&quot;:&quot;classic&quot;}\">\n\t\t\t<div class=\"elementor-widget-wrap elementor-element-populated\">\n\t\t\t\t\t\t<div class=\"elementor-element elementor-element-10cce33 sc_fly_static elementor-widget elementor-widget-spacer\" data-id=\"10cce33\" data-element_type=\"widget\" data-e-type=\"widget\" data-widget_type=\"spacer.default\">\n\t\t\t\t<div class=\"elementor-widget-container\">\n\t\t\t\t\t\t\t<div class=\"elementor-spacer\">\n\t\t\t<div class=\"elementor-spacer-inner\"><\/div>\n\t\t<\/div>\n\t\t\t\t\t\t<\/div>\n\t\t\t\t<\/div>\n\t\t\t\t\t<\/div>\n\t\t<\/div>\n\t\t\t\t<div class=\"elementor-column elementor-col-50 elementor-inner-column elementor-element elementor-element-414850d sc_content_align_center sc_layouts_column_icons_position_left sc_fly_static\" data-id=\"414850d\" data-element_type=\"column\" data-e-type=\"column\" data-settings=\"{&quot;background_background&quot;:&quot;classic&quot;}\">\n\t\t\t<div class=\"elementor-widget-wrap elementor-element-populated\">\n\t\t\t\t\t\t<div class=\"elementor-element elementor-element-96288f8 sc_fly_static elementor-widget elementor-widget-spacer\" data-id=\"96288f8\" data-element_type=\"widget\" data-e-type=\"widget\" data-widget_type=\"spacer.default\">\n\t\t\t\t<div class=\"elementor-widget-container\">\n\t\t\t\t\t\t\t<div class=\"elementor-spacer\">\n\t\t\t<div class=\"elementor-spacer-inner\"><\/div>\n\t\t<\/div>\n\t\t\t\t\t\t<\/div>\n\t\t\t\t<\/div>\n\t\t\t\t\t<\/div>\n\t\t<\/div>\n\t\t\t\t\t<\/div>\n\t\t<\/section>\n\t\t\t\t\t<\/div>\n\t\t<\/div>\n\t\t\t\t<div class=\"elementor-column elementor-col-50 elementor-top-column elementor-element elementor-element-5c8c3b1 sc_inner_width_1_2 sc-mobile_inner_width_none sc-tablet_inner_width_2_3 sc_content_align_inherit sc_layouts_column_icons_position_left sc_fly_static\" data-id=\"5c8c3b1\" data-element_type=\"column\" data-e-type=\"column\" data-settings=\"{&quot;background_background&quot;:&quot;classic&quot;}\">\n\t\t\t<div class=\"elementor-widget-wrap elementor-element-populated\">\n\t\t\t\t\t\t<div class=\"elementor-element elementor-element-9929faa sc_fly_static elementor-widget elementor-widget-trx_sc_title\" data-id=\"9929faa\" data-element_type=\"widget\" data-e-type=\"widget\" data-widget_type=\"trx_sc_title.default\">\n\t\t\t\t<div class=\"elementor-widget-container\">\n\t\t\t\t\t<div\t\tclass=\"sc_title sc_title_default\" ><div class=\"sc_item_descr sc_title_descr\"><p>Ikon Perde is a curtain and interior decoration brand dedicated to enhancing living spaces with aesthetics, comfort, and functionality. By combining modern design principles with high-quality fabrics and advanced curtain systems, the brand creates tailored solutions for a wide range of interiors.<\/p>\n<p>Curtains play a vital role in defining the atmosphere of a space. Beyond decoration, they provide light control, privacy, and comfort. With this understanding, Ikon Perde approaches every project with careful attention to the architectural character of the space and the needs of its users.<\/p>\n<p>Serving homes, offices, villas, and commercial spaces, Ikon Perde offers comprehensive solutions that include design consultation, measurement, production, and professional installation.<\/p>\n<\/div><\/div>\t\t\t\t<\/div>\n\t\t\t\t<\/div>\n\t\t\t\t\t<\/div>\n\t\t<\/div>\n\t\t\t\t\t<\/div>\n\t\t<\/section>\n\t\t\t\t<section class=\"elementor-section elementor-top-section elementor-element elementor-element-810dd92 elementor-section-boxed elementor-section-height-default elementor-section-height-default sc_fly_static\" data-id=\"810dd92\" data-element_type=\"section\" data-e-type=\"section\">\n\t\t\t\t\t\t<div class=\"elementor-container elementor-column-gap-extended\">\n\t\t\t\t\t<div class=\"elementor-column elementor-col-100 elementor-top-column elementor-element elementor-element-8cc4e2d sc_content_align_inherit sc_layouts_column_icons_position_left sc_fly_static\" data-id=\"8cc4e2d\" data-element_type=\"column\" data-e-type=\"column\">\n\t\t\t<div class=\"elementor-widget-wrap elementor-element-populated\">\n\t\t\t\t\t\t<div class=\"elementor-element elementor-element-8bdf8d0 sc_height_huge sc_fly_static elementor-widget elementor-widget-spacer\" data-id=\"8bdf8d0\" data-element_type=\"widget\" data-e-type=\"widget\" data-widget_type=\"spacer.default\">\n\t\t\t\t<div class=\"elementor-widget-container\">\n\t\t\t\t\t\t\t<div class=\"elementor-spacer\">\n\t\t\t<div class=\"elementor-spacer-inner\"><\/div>\n\t\t<\/div>\n\t\t\t\t\t\t<\/div>\n\t\t\t\t<\/div>\n\t\t\t\t<div class=\"elementor-element elementor-element-4eaf9c9 sc_fly_static elementor-widget elementor-widget-trx_sc_skills\" data-id=\"4eaf9c9\" data-element_type=\"widget\" data-e-type=\"widget\" data-widget_type=\"trx_sc_skills.default\">\n\t\t\t\t<div class=\"elementor-widget-container\">\n\t\t\t\t\t<div\t\tclass=\"sc_skills sc_skills_counter_modern sc_skills_counter_style_counter\"\n\t\t\t\tdata-type=\"counter\" ><div class=\"sc_skills_columns sc_item_columns trx_addons_columns_wrap columns_padding_bottom columns_in_single_row\"><div class=\"sc_skills_column trx_addons_column-1_4 trx_addons_column-1_2-mobile\"><div class=\"sc_skills_item_wrap sc_skills_item_icon_position_top\"><div class=\"sc_skills_item\"><div class=\"sc_skills_total\" data-start=\"0\" data-stop=\"150\" data-step=\"1.5\" data-max=\"250\" data-speed=\"15\" data-duration=\"1500\" data-ed=\"\" data-style=\"counter\">0<\/div><\/div><div class=\"sc_skills_item_title\">Completed Project<\/div><\/div><\/div><div class=\"sc_skills_column trx_addons_column-1_4 trx_addons_column-1_2-mobile\"><div class=\"sc_skills_item_wrap sc_skills_item_icon_position_top\"><div class=\"sc_skills_item\"><div class=\"sc_skills_total\" data-start=\"0\" data-stop=\"250\" data-step=\"2.5\" data-max=\"250\" data-speed=\"15\" data-duration=\"1500\" data-ed=\"\" data-style=\"counter\">0<\/div><\/div><div class=\"sc_skills_item_title\">Happy Customer<\/div><\/div><\/div><div class=\"sc_skills_column trx_addons_column-1_4 trx_addons_column-1_2-mobile\"><div class=\"sc_skills_item_wrap sc_skills_item_icon_position_top\"><div class=\"sc_skills_item\"><div class=\"sc_skills_total\" data-start=\"0\" data-stop=\"50\" data-step=\"0.5\" data-max=\"250\" data-speed=\"15\" data-duration=\"1500\" data-ed=\"\" data-style=\"counter\">0<\/div><\/div><div class=\"sc_skills_item_title\">Curtain Model<\/div><\/div><\/div><div class=\"sc_skills_column trx_addons_column-1_4 trx_addons_column-1_2-mobile\"><div class=\"sc_skills_item_wrap sc_skills_item_icon_position_top\"><div class=\"sc_skills_item\"><div class=\"sc_skills_total\" data-start=\"0\" data-stop=\"10\" data-step=\"0.1\" data-max=\"250\" data-speed=\"15\" data-duration=\"1500\" data-ed=\"\" data-style=\"counter\">0<\/div><\/div><div class=\"sc_skills_item_title\">Years of Experience<\/div><\/div><\/div><\/div><\/div>\t\t\t\t<\/div>\n\t\t\t\t<\/div>\n\t\t\t\t<div class=\"elementor-element elementor-element-61424d4 sc_height_huge sc_fly_static elementor-widget elementor-widget-spacer\" data-id=\"61424d4\" data-element_type=\"widget\" data-e-type=\"widget\" data-widget_type=\"spacer.default\">\n\t\t\t\t<div class=\"elementor-widget-container\">\n\t\t\t\t\t\t\t<div class=\"elementor-spacer\">\n\t\t\t<div class=\"elementor-spacer-inner\"><\/div>\n\t\t<\/div>\n\t\t\t\t\t\t<\/div>\n\t\t\t\t<\/div>\n\t\t\t\t\t<\/div>\n\t\t<\/div>\n\t\t\t\t\t<\/div>\n\t\t<\/section>\n\t\t\t\t<section class=\"elementor-section elementor-top-section elementor-element elementor-element-9fe4437 scheme_dark elementor-section-full_width elementor-section-height-default elementor-section-height-default sc_fly_static\" data-id=\"9fe4437\" data-element_type=\"section\" data-e-type=\"section\" data-settings=\"{&quot;background_background&quot;:&quot;classic&quot;}\">\n\t\t\t\t\t\t\t<div class=\"elementor-background-overlay\"><\/div>\n\t\t\t\t\t\t\t<div class=\"elementor-container elementor-column-gap-no\">\n\t\t\t\t\t<div class=\"elementor-column elementor-col-100 elementor-top-column elementor-element elementor-element-b439f0a sc_layouts_column_align_center sc_layouts_column sc-mobile_layouts_column_align_center sc_layouts_column sc_content_align_inherit sc_layouts_column_icons_position_left sc_fly_static\" data-id=\"b439f0a\" data-element_type=\"column\" data-e-type=\"column\">\n\t\t\t<div class=\"elementor-widget-wrap elementor-element-populated\">\n\t\t\t\t\t\t<div class=\"elementor-element elementor-element-3905182 sc_height_huge sc_fly_static elementor-widget elementor-widget-spacer\" data-id=\"3905182\" data-element_type=\"widget\" data-e-type=\"widget\" data-widget_type=\"spacer.default\">\n\t\t\t\t<div class=\"elementor-widget-container\">\n\t\t\t\t\t\t\t<div class=\"elementor-spacer\">\n\t\t\t<div class=\"elementor-spacer-inner\"><\/div>\n\t\t<\/div>\n\t\t\t\t\t\t<\/div>\n\t\t\t\t<\/div>\n\t\t\t\t<div class=\"elementor-element elementor-element-a0eebc5 sc_height_huge sc_layouts_hide_on_mobile sc_fly_static elementor-widget elementor-widget-spacer\" data-id=\"a0eebc5\" data-element_type=\"widget\" data-e-type=\"widget\" data-widget_type=\"spacer.default\">\n\t\t\t\t<div class=\"elementor-widget-container\">\n\t\t\t\t\t\t\t<div class=\"elementor-spacer\">\n\t\t\t<div class=\"elementor-spacer-inner\"><\/div>\n\t\t<\/div>\n\t\t\t\t\t\t<\/div>\n\t\t\t\t<\/div>\n\t\t\t\t<div class=\"elementor-element elementor-element-4a01bba sc_layouts_hide_on_mobile sc_layouts_hide_on_tablet sc_fly_static elementor-widget elementor-widget-spacer\" data-id=\"4a01bba\" data-element_type=\"widget\" data-e-type=\"widget\" data-widget_type=\"spacer.default\">\n\t\t\t\t<div class=\"elementor-widget-container\">\n\t\t\t\t\t\t\t<div class=\"elementor-spacer\">\n\t\t\t<div class=\"elementor-spacer-inner\"><\/div>\n\t\t<\/div>\n\t\t\t\t\t\t<\/div>\n\t\t\t\t<\/div>\n\t\t\t\t<div class=\"elementor-element elementor-element-905a632 sc_layouts_hide_on_mobile sc_layouts_hide_on_tablet sc_fly_static elementor-widget elementor-widget-spacer\" data-id=\"905a632\" data-element_type=\"widget\" data-e-type=\"widget\" data-widget_type=\"spacer.default\">\n\t\t\t\t<div class=\"elementor-widget-container\">\n\t\t\t\t\t\t\t<div class=\"elementor-spacer\">\n\t\t\t<div class=\"elementor-spacer-inner\"><\/div>\n\t\t<\/div>\n\t\t\t\t\t\t<\/div>\n\t\t\t\t<\/div>\n\t\t\t\t<div class=\"elementor-element elementor-element-760dcae sc_height_huge sc_layouts_hide_on_mobile sc_fly_static elementor-widget elementor-widget-spacer\" data-id=\"760dcae\" data-element_type=\"widget\" data-e-type=\"widget\" data-widget_type=\"spacer.default\">\n\t\t\t\t<div class=\"elementor-widget-container\">\n\t\t\t\t\t\t\t<div class=\"elementor-spacer\">\n\t\t\t<div class=\"elementor-spacer-inner\"><\/div>\n\t\t<\/div>\n\t\t\t\t\t\t<\/div>\n\t\t\t\t<\/div>\n\t\t\t\t<div class=\"elementor-element elementor-element-6391b50 sc_height_huge sc_fly_static elementor-widget elementor-widget-spacer\" data-id=\"6391b50\" data-element_type=\"widget\" data-e-type=\"widget\" data-widget_type=\"spacer.default\">\n\t\t\t\t<div class=\"elementor-widget-container\">\n\t\t\t\t\t\t\t<div class=\"elementor-spacer\">\n\t\t\t<div class=\"elementor-spacer-inner\"><\/div>\n\t\t<\/div>\n\t\t\t\t\t\t<\/div>\n\t\t\t\t<\/div>\n\t\t\t\t\t<\/div>\n\t\t<\/div>\n\t\t\t\t\t<\/div>\n\t\t<\/section>\n\t\t\t\t<section class=\"elementor-section elementor-top-section elementor-element elementor-element-461fae3 elementor-section-boxed elementor-section-height-default elementor-section-height-default sc_fly_static\" data-id=\"461fae3\" data-element_type=\"section\" data-e-type=\"section\" data-settings=\"{&quot;background_background&quot;:&quot;classic&quot;}\">\n\t\t\t\t\t\t<div class=\"elementor-container elementor-column-gap-extended\">\n\t\t\t\t\t<div class=\"elementor-column elementor-col-100 elementor-top-column elementor-element elementor-element-1dcd1a9 sc_content_align_inherit sc_layouts_column_icons_position_left sc_fly_static\" data-id=\"1dcd1a9\" data-element_type=\"column\" data-e-type=\"column\">\n\t\t\t<div class=\"elementor-widget-wrap elementor-element-populated\">\n\t\t\t\t\t\t<div class=\"elementor-element elementor-element-bb2b91c sc_height_huge sc_fly_static elementor-widget elementor-widget-spacer\" data-id=\"bb2b91c\" data-element_type=\"widget\" data-e-type=\"widget\" data-widget_type=\"spacer.default\">\n\t\t\t\t<div class=\"elementor-widget-container\">\n\t\t\t\t\t\t\t<div class=\"elementor-spacer\">\n\t\t\t<div class=\"elementor-spacer-inner\"><\/div>\n\t\t<\/div>\n\t\t\t\t\t\t<\/div>\n\t\t\t\t<\/div>\n\t\t\t\t<div class=\"elementor-element elementor-element-b8e7763 sc_fly_static elementor-widget elementor-widget-trx_sc_title\" data-id=\"b8e7763\" data-element_type=\"widget\" data-e-type=\"widget\" data-widget_type=\"trx_sc_title.default\">\n\t\t\t\t<div class=\"elementor-widget-container\">\n\t\t\t\t\t<div\t\tclass=\"sc_title sc_title_default\" ><h2 class=\"sc_item_title sc_title_title sc_align_center sc_item_title_style_default\"\n\t\t\t><span class=\"sc_item_title_text\">Our Customers\u2019 Satisfaction<\/span><\/h2><\/div>\t\t\t\t<\/div>\n\t\t\t\t<\/div>\n\t\t\t\t<div class=\"elementor-element elementor-element-92d0632 sc_fly_static elementor-widget elementor-widget-spacer\" data-id=\"92d0632\" data-element_type=\"widget\" data-e-type=\"widget\" data-widget_type=\"spacer.default\">\n\t\t\t\t<div class=\"elementor-widget-container\">\n\t\t\t\t\t\t\t<div class=\"elementor-spacer\">\n\t\t\t<div class=\"elementor-spacer-inner\"><\/div>\n\t\t<\/div>\n\t\t\t\t\t\t<\/div>\n\t\t\t\t<\/div>\n\t\t\t\t<div class=\"elementor-element elementor-element-bbabef2 sc_fly_static elementor-widget elementor-widget-trx_sc_testimonials\" data-id=\"bbabef2\" data-element_type=\"widget\" data-e-type=\"widget\" data-widget_type=\"trx_sc_testimonials.default\">\n\t\t\t\t<div class=\"elementor-widget-container\">\n\t\t\t\t\t<div \t\tclass=\"sc_testimonials sc_testimonials_hover\"><div  class=\"sc_testimonials_slider sc_item_slider slider_swiper_outer slider_outer slider_outer_nocontrols slider_outer_pagination slider_outer_pagination_bullets slider_outer_pagination_pos_bottom slider_outer_nocentered slider_outer_overflow_hidden slider_outer_multi\">\n\t<div  data-slides-per-view-breakpoints=\"{&quot;999999&quot;:2}\" data-slides-space-breakpoints=\"{&quot;999999&quot;:20}\" data-slides-min-width-breakpoints=\"{&quot;999999&quot;:290}\" class=\"slider_container swiper-slider-container slider_swiper slider_noresize slider_nocontrols slider_pagination slider_pagination_bullets slider_pagination_pos_bottom slider_nocentered slider_overflow_hidden slider_multi\" data-slides-per-view=\"2\" data-slides-space=\"20\" data-effect=\"slide\" data-slides-min-width=\"290\" data-pagination=\"bullets\" data-direction=\"horizontal\" data-mouse-wheel=\"0\" data-autoplay=\"1\" data-loop=\"1\" data-free-mode=\"0\" data-slides-centered=\"0\" data-slides-overflow=\"0\">\n\t\t<div class=\"slides slider-wrapper swiper-wrapper sc_item_columns_2\"><div class=\"slider-slide swiper-slide\"><div data-post-id=\"18067\" class=\"sc_testimonials_item sc_item_container post_container\">\n\t<div class=\"sc_testimonials_item_content\">\n<p>The team was extremely professional from the first measurement to the final installation. Our zebra blinds look amazing and perfectly match our living room design. Highly recommended!<\/p>\n\n\n\n<p><\/p>\n<\/div>\n\t<div class=\"sc_testimonials_item_author\">\n\t\t\t\t<div class=\"sc_testimonials_item_author_data\">\n\t\t\t<h4 class=\"sc_testimonials_item_author_title\">Ahmet Karata\u015f<\/h4>\n\t\t\t<div class=\"sc_testimonials_item_author_subtitle\">Homeowner<\/div>\t\t<\/div>\n\t<\/div>\n<\/div>\n<\/div><div class=\"slider-slide swiper-slide\"><div data-post-id=\"18068\" class=\"sc_testimonials_item sc_item_container post_container\">\n\t<div class=\"sc_testimonials_item_content\">\n<p>We wanted motorized curtains for our new apartment and the result exceeded our expectations. The installation was clean, fast and very professional.<\/p>\n\n\n\n<p><\/p>\n<\/div>\n\t<div class=\"sc_testimonials_item_author\">\n\t\t\t\t<div class=\"sc_testimonials_item_author_data\">\n\t\t\t<h4 class=\"sc_testimonials_item_author_title\">Elif Y\u0131lmaz<\/h4>\n\t\t\t<div class=\"sc_testimonials_item_author_subtitle\">Interior Architect<\/div>\t\t<\/div>\n\t<\/div>\n<\/div>\n<\/div><div class=\"slider-slide swiper-slide\"><div data-post-id=\"18069\" class=\"sc_testimonials_item sc_item_container post_container\">\n\t<div class=\"sc_testimonials_item_content\">\n<p>The fabric quality and curtain design options are truly excellent. Thanks to the design consultation, we were able to choose the perfect curtains for our home.<\/p>\n<\/div>\n\t<div class=\"sc_testimonials_item_author\">\n\t\t\t\t<div class=\"sc_testimonials_item_author_data\">\n\t\t\t<h4 class=\"sc_testimonials_item_author_title\">Andreas Georgiou<\/h4>\n\t\t\t<div class=\"sc_testimonials_item_author_subtitle\">Architect<\/div>\t\t<\/div>\n\t<\/div>\n<\/div>\n<\/div><\/div><\/div><div class=\"slider_pagination_wrap swiper-pagination\"><\/div><\/div><\/div><!-- \/.sc_testimonials -->\t\t\t\t<\/div>\n\t\t\t\t<\/div>\n\t\t\t\t<div class=\"elementor-element elementor-element-dc4d6be sc_height_huge sc_fly_static elementor-widget elementor-widget-spacer\" data-id=\"dc4d6be\" data-element_type=\"widget\" data-e-type=\"widget\" data-widget_type=\"spacer.default\">\n\t\t\t\t<div class=\"elementor-widget-container\">\n\t\t\t\t\t\t\t<div class=\"elementor-spacer\">\n\t\t\t<div class=\"elementor-spacer-inner\"><\/div>\n\t\t<\/div>\n\t\t\t\t\t\t<\/div>\n\t\t\t\t<\/div>\n\t\t\t\t\t<\/div>\n\t\t<\/div>\n\t\t\t\t\t<\/div>\n\t\t<\/section>\n\t\t\t\t<\/div>","protected":false},"excerpt":{"rendered":"<p>\u0130kon Perde, ya\u015fam alanlar\u0131na estetik, konfor ve fonksiyonellik kazand\u0131rma anlay\u0131\u015f\u0131yla hizmet veren bir perde ve dekorasyon markas\u0131d\u0131r. Modern tasar\u0131m anlay\u0131\u015f\u0131n\u0131 kaliteli kuma\u015flar ve ileri perde sistemleri ile birle\u015ftirerek her mek\u00e2n\u0131n&hellip;<\/p>","protected":false},"author":1,"featured_media":0,"parent":0,"menu_order":0,"comment_status":"closed","ping_status":"closed","template":"","meta":{"pagelayer_contact_templates":[],"_pagelayer_content":"","_joinchat":[],"footnotes":""},"class_list":["post-20350","page","type-page","status-publish","hentry"],"_links":{"self":[{"href":"https:\/\/www.ikonperdecy.com\/en\/wp-json\/wp\/v2\/pages\/20350","targetHints":{"allow":["GET"]}}],"collection":[{"href":"https:\/\/www.ikonperdecy.com\/en\/wp-json\/wp\/v2\/pages"}],"about":[{"href":"https:\/\/www.ikonperdecy.com\/en\/wp-json\/wp\/v2\/types\/page"}],"author":[{"embeddable":true,"href":"https:\/\/www.ikonperdecy.com\/en\/wp-json\/wp\/v2\/users\/1"}],"replies":[{"embeddable":true,"href":"https:\/\/www.ikonperdecy.com\/en\/wp-json\/wp\/v2\/comments?post=20350"}],"version-history":[{"count":34,"href":"https:\/\/www.ikonperdecy.com\/en\/wp-json\/wp\/v2\/pages\/20350\/revisions"}],"predecessor-version":[{"id":20795,"href":"https:\/\/www.ikonperdecy.com\/en\/wp-json\/wp\/v2\/pages\/20350\/revisions\/20795"}],"wp:attachment":[{"href":"https:\/\/www.ikonperdecy.com\/en\/wp-json\/wp\/v2\/media?parent=20350"}],"curies":[{"name":"wp","href":"https:\/\/api.w.org\/{rel}","templated":true}]}}