{"id":20542,"date":"2026-03-10T21:09:57","date_gmt":"2026-03-10T21:09:57","guid":{"rendered":"http:\/\/www.ikonperdecy.com\/?page_id=20542"},"modified":"2026-03-10T23:10:21","modified_gmt":"2026-03-10T23:10:21","slug":"cocuk-odasi-perdeleri","status":"publish","type":"page","link":"https:\/\/www.ikonperdecy.com\/en\/cocuk-odasi-perdeleri\/","title":{"rendered":"Children's Room Curtains"},"content":{"rendered":"<div data-elementor-type=\"wp-page\" data-elementor-id=\"20542\" class=\"elementor elementor-20542\" data-elementor-post-type=\"page\">\n\t\t\t\t\t\t<section class=\"elementor-section elementor-top-section elementor-element elementor-element-d25599c elementor-section-boxed elementor-section-height-default elementor-section-height-default sc_fly_static\" data-id=\"d25599c\" data-element_type=\"section\" data-e-type=\"section\">\n\t\t\t\t\t\t<div class=\"elementor-container elementor-column-gap-extended\">\n\t\t\t\t\t<div class=\"elementor-column elementor-col-100 elementor-top-column elementor-element elementor-element-23d1cea sc_content_align_inherit sc_layouts_column_icons_position_left sc_fly_static\" data-id=\"23d1cea\" data-element_type=\"column\" data-e-type=\"column\">\n\t\t\t<div class=\"elementor-widget-wrap elementor-element-populated\">\n\t\t\t\t\t\t<div class=\"elementor-element elementor-element-a35b431 sc_height_huge sc_fly_static elementor-widget elementor-widget-spacer\" data-id=\"a35b431\" data-element_type=\"widget\" data-e-type=\"widget\" data-widget_type=\"spacer.default\">\n\t\t\t\t<div class=\"elementor-widget-container\">\n\t\t\t\t\t\t\t<div class=\"elementor-spacer\">\n\t\t\t<div class=\"elementor-spacer-inner\"><\/div>\n\t\t<\/div>\n\t\t\t\t\t\t<\/div>\n\t\t\t\t<\/div>\n\t\t\t\t\t<\/div>\n\t\t<\/div>\n\t\t\t\t\t<\/div>\n\t\t<\/section>\n\t\t\t\t<section class=\"elementor-section elementor-top-section elementor-element elementor-element-9969785 elementor-section-full_width elementor-section-content-middle elementor-section-height-default elementor-section-height-default sc_fly_static\" data-id=\"9969785\" data-element_type=\"section\" data-e-type=\"section\" data-settings=\"{&quot;background_background&quot;:&quot;classic&quot;}\">\n\t\t\t\t\t\t<div class=\"elementor-container elementor-column-gap-no\">\n\t\t\t\t\t<div class=\"elementor-column elementor-col-50 elementor-top-column elementor-element elementor-element-350d548 sc_content_align_inherit sc_layouts_column_icons_position_left sc_fly_static\" data-id=\"350d548\" data-element_type=\"column\" data-e-type=\"column\" data-settings=\"{&quot;background_background&quot;:&quot;classic&quot;}\">\n\t\t\t<div class=\"elementor-widget-wrap elementor-element-populated\">\n\t\t\t\t\t\t<section class=\"elementor-section elementor-inner-section elementor-element elementor-element-b577123 elementor-section-boxed elementor-section-height-default elementor-section-height-default sc_fly_static\" data-id=\"b577123\" data-element_type=\"section\" data-e-type=\"section\" data-settings=\"{&quot;background_background&quot;:&quot;classic&quot;}\">\n\t\t\t\t\t\t<div class=\"elementor-container elementor-column-gap-extended\">\n\t\t\t\t\t<div class=\"elementor-column elementor-col-100 elementor-inner-column elementor-element elementor-element-38ffdf7 sc_content_align_inherit sc_layouts_column_icons_position_left sc_fly_static\" data-id=\"38ffdf7\" data-element_type=\"column\" data-e-type=\"column\" data-settings=\"{&quot;background_background&quot;:&quot;classic&quot;}\">\n\t\t\t<div class=\"elementor-widget-wrap elementor-element-populated\">\n\t\t\t\t\t\t<div class=\"elementor-element elementor-element-10cce33 sc_fly_static elementor-widget elementor-widget-spacer\" data-id=\"10cce33\" data-element_type=\"widget\" data-e-type=\"widget\" data-widget_type=\"spacer.default\">\n\t\t\t\t<div class=\"elementor-widget-container\">\n\t\t\t\t\t\t\t<div class=\"elementor-spacer\">\n\t\t\t<div class=\"elementor-spacer-inner\"><\/div>\n\t\t<\/div>\n\t\t\t\t\t\t<\/div>\n\t\t\t\t<\/div>\n\t\t\t\t\t<\/div>\n\t\t<\/div>\n\t\t\t\t\t<\/div>\n\t\t<\/section>\n\t\t\t\t\t<\/div>\n\t\t<\/div>\n\t\t\t\t<div class=\"elementor-column elementor-col-50 elementor-top-column elementor-element elementor-element-5c8c3b1 sc_inner_width_1_2 sc-mobile_inner_width_none sc-tablet_inner_width_2_3 sc_content_align_inherit sc_layouts_column_icons_position_left sc_fly_static\" data-id=\"5c8c3b1\" data-element_type=\"column\" data-e-type=\"column\" data-settings=\"{&quot;background_background&quot;:&quot;classic&quot;}\">\n\t\t\t<div class=\"elementor-widget-wrap elementor-element-populated\">\n\t\t\t\t\t\t<div class=\"elementor-element elementor-element-9929faa sc_fly_static elementor-widget elementor-widget-trx_sc_title\" data-id=\"9929faa\" data-element_type=\"widget\" data-e-type=\"widget\" data-widget_type=\"trx_sc_title.default\">\n\t\t\t\t<div class=\"elementor-widget-container\">\n\t\t\t\t\t<div\t\tclass=\"sc_title sc_title_default\" ><div class=\"sc_item_descr sc_title_descr\"><p>Children's room curtains are specially designed curtain models to make children's living spaces both more fun and more comfortable. With their colorful, patterned, and themed designs, they bring a lively atmosphere to the children's room while also providing light control and privacy.<\/p>\n<p>These curtains are usually designed with different themes that appeal to children, such as stars, clouds, animals, cartoon characters, or space. They come in a wide range of colors, from pastel tones to vibrant hues, making them suitable decorative solutions for both girls' and boys' rooms.<\/p>\n<p>The fabrics used for children's room curtains are generally non-toxic, durable, and easy to clean. Polyester, cotton, or blackout fabrics are preferred. Blackout curtains, in particular, help children sleep more comfortably by darkening the room during daytime naps.<\/p>\n<\/div><\/div>\t\t\t\t<\/div>\n\t\t\t\t<\/div>\n\t\t\t\t<div class=\"elementor-element elementor-element-145169a sc_fly_static elementor-widget elementor-widget-spacer\" data-id=\"145169a\" data-element_type=\"widget\" data-e-type=\"widget\" data-widget_type=\"spacer.default\">\n\t\t\t\t<div class=\"elementor-widget-container\">\n\t\t\t\t\t\t\t<div class=\"elementor-spacer\">\n\t\t\t<div class=\"elementor-spacer-inner\"><\/div>\n\t\t<\/div>\n\t\t\t\t\t\t<\/div>\n\t\t\t\t<\/div>\n\t\t\t\t<div class=\"elementor-element elementor-element-b0eb9e2 sc_height_small sc_layouts_hide_on_tablet sc_layouts_hide_on_mobile sc_fly_static elementor-widget elementor-widget-spacer\" data-id=\"b0eb9e2\" data-element_type=\"widget\" data-e-type=\"widget\" data-widget_type=\"spacer.default\">\n\t\t\t\t<div class=\"elementor-widget-container\">\n\t\t\t\t\t\t\t<div class=\"elementor-spacer\">\n\t\t\t<div class=\"elementor-spacer-inner\"><\/div>\n\t\t<\/div>\n\t\t\t\t\t\t<\/div>\n\t\t\t\t<\/div>\n\t\t\t\t<div class=\"elementor-element elementor-element-3ff63a7 sc_layouts_hide_on_wide sc_layouts_hide_on_desktop sc_layouts_hide_on_notebook sc_fly_static elementor-widget elementor-widget-spacer\" data-id=\"3ff63a7\" data-element_type=\"widget\" data-e-type=\"widget\" data-widget_type=\"spacer.default\">\n\t\t\t\t<div class=\"elementor-widget-container\">\n\t\t\t\t\t\t\t<div class=\"elementor-spacer\">\n\t\t\t<div class=\"elementor-spacer-inner\"><\/div>\n\t\t<\/div>\n\t\t\t\t\t\t<\/div>\n\t\t\t\t<\/div>\n\t\t\t\t\t<\/div>\n\t\t<\/div>\n\t\t\t\t\t<\/div>\n\t\t<\/section>\n\t\t\t\t<section class=\"elementor-section elementor-top-section elementor-element elementor-element-31d1159 elementor-section-boxed elementor-section-height-default elementor-section-height-default sc_fly_static\" data-id=\"31d1159\" data-element_type=\"section\" data-e-type=\"section\">\n\t\t\t\t\t\t<div class=\"elementor-container elementor-column-gap-extended\">\n\t\t\t\t\t<div class=\"elementor-column elementor-col-100 elementor-top-column elementor-element elementor-element-0214fa3 sc_content_align_inherit sc_layouts_column_icons_position_left sc_fly_static\" data-id=\"0214fa3\" data-element_type=\"column\" data-e-type=\"column\">\n\t\t\t<div class=\"elementor-widget-wrap elementor-element-populated\">\n\t\t\t\t\t\t<div class=\"elementor-element elementor-element-1fe1869 sc_fly_static elementor-widget elementor-widget-spacer\" data-id=\"1fe1869\" data-element_type=\"widget\" data-e-type=\"widget\" data-widget_type=\"spacer.default\">\n\t\t\t\t<div class=\"elementor-widget-container\">\n\t\t\t\t\t\t\t<div class=\"elementor-spacer\">\n\t\t\t<div class=\"elementor-spacer-inner\"><\/div>\n\t\t<\/div>\n\t\t\t\t\t\t<\/div>\n\t\t\t\t<\/div>\n\t\t\t\t\t<\/div>\n\t\t<\/div>\n\t\t\t\t\t<\/div>\n\t\t<\/section>\n\t\t\t\t<\/div>","protected":false},"excerpt":{"rendered":"<p>\u00c7ocuk Odas\u0131 Perdeleri, \u00e7ocuklar\u0131n ya\u015fam alanlar\u0131n\u0131 hem daha e\u011flenceli hem de daha konforlu hale getirmek i\u00e7in \u00f6zel olarak tasarlanan perde modelleridir. Renkli, desenli ve temal\u0131 tasar\u0131mlar\u0131yla \u00e7ocuk odas\u0131na canl\u0131 bir&hellip;<\/p>","protected":false},"author":1,"featured_media":0,"parent":0,"menu_order":0,"comment_status":"closed","ping_status":"closed","template":"","meta":{"pagelayer_contact_templates":[],"_pagelayer_content":"","_joinchat":[],"footnotes":""},"class_list":["post-20542","page","type-page","status-publish","hentry"],"_links":{"self":[{"href":"https:\/\/www.ikonperdecy.com\/en\/wp-json\/wp\/v2\/pages\/20542","targetHints":{"allow":["GET"]}}],"collection":[{"href":"https:\/\/www.ikonperdecy.com\/en\/wp-json\/wp\/v2\/pages"}],"about":[{"href":"https:\/\/www.ikonperdecy.com\/en\/wp-json\/wp\/v2\/types\/page"}],"author":[{"embeddable":true,"href":"https:\/\/www.ikonperdecy.com\/en\/wp-json\/wp\/v2\/users\/1"}],"replies":[{"embeddable":true,"href":"https:\/\/www.ikonperdecy.com\/en\/wp-json\/wp\/v2\/comments?post=20542"}],"version-history":[{"count":10,"href":"https:\/\/www.ikonperdecy.com\/en\/wp-json\/wp\/v2\/pages\/20542\/revisions"}],"predecessor-version":[{"id":20622,"href":"https:\/\/www.ikonperdecy.com\/en\/wp-json\/wp\/v2\/pages\/20542\/revisions\/20622"}],"wp:attachment":[{"href":"https:\/\/www.ikonperdecy.com\/en\/wp-json\/wp\/v2\/media?parent=20542"}],"curies":[{"name":"wp","href":"https:\/\/api.w.org\/{rel}","templated":true}]}}