{"id":20547,"date":"2026-03-10T21:11:07","date_gmt":"2026-03-10T21:11:07","guid":{"rendered":"http:\/\/www.ikonperdecy.com\/?page_id=20547"},"modified":"2026-03-23T14:09:23","modified_gmt":"2026-03-23T14:09:23","slug":"motorlu-akilli-sistemler","status":"publish","type":"page","link":"https:\/\/www.ikonperdecy.com\/en\/motorlu-akilli-sistemler\/","title":{"rendered":"Motorized\/ Smart Systems"},"content":{"rendered":"<div data-elementor-type=\"wp-page\" data-elementor-id=\"20547\" class=\"elementor elementor-20547\" data-elementor-post-type=\"page\">\n\t\t\t\t\t\t<section class=\"elementor-section elementor-top-section elementor-element elementor-element-d25599c elementor-section-boxed elementor-section-height-default elementor-section-height-default sc_fly_static\" data-id=\"d25599c\" data-element_type=\"section\" data-e-type=\"section\">\n\t\t\t\t\t\t<div class=\"elementor-container elementor-column-gap-extended\">\n\t\t\t\t\t<div class=\"elementor-column elementor-col-100 elementor-top-column elementor-element elementor-element-23d1cea sc_content_align_inherit sc_layouts_column_icons_position_left sc_fly_static\" data-id=\"23d1cea\" data-element_type=\"column\" data-e-type=\"column\">\n\t\t\t<div class=\"elementor-widget-wrap elementor-element-populated\">\n\t\t\t\t\t\t<div class=\"elementor-element elementor-element-a35b431 sc_height_huge sc_fly_static elementor-widget elementor-widget-spacer\" data-id=\"a35b431\" data-element_type=\"widget\" data-e-type=\"widget\" data-widget_type=\"spacer.default\">\n\t\t\t\t<div class=\"elementor-widget-container\">\n\t\t\t\t\t\t\t<div class=\"elementor-spacer\">\n\t\t\t<div class=\"elementor-spacer-inner\"><\/div>\n\t\t<\/div>\n\t\t\t\t\t\t<\/div>\n\t\t\t\t<\/div>\n\t\t\t\t\t<\/div>\n\t\t<\/div>\n\t\t\t\t\t<\/div>\n\t\t<\/section>\n\t\t\t\t<section class=\"elementor-section elementor-top-section elementor-element elementor-element-9969785 elementor-section-full_width elementor-section-content-middle elementor-section-height-default elementor-section-height-default sc_fly_static\" data-id=\"9969785\" data-element_type=\"section\" data-e-type=\"section\" data-settings=\"{&quot;background_background&quot;:&quot;classic&quot;}\">\n\t\t\t\t\t\t<div class=\"elementor-container elementor-column-gap-no\">\n\t\t\t\t\t<div class=\"elementor-column elementor-col-50 elementor-top-column elementor-element elementor-element-350d548 sc_content_align_inherit sc_layouts_column_icons_position_left sc_fly_static\" data-id=\"350d548\" data-element_type=\"column\" data-e-type=\"column\" data-settings=\"{&quot;background_background&quot;:&quot;classic&quot;}\">\n\t\t\t<div class=\"elementor-widget-wrap elementor-element-populated\">\n\t\t\t\t\t\t<section class=\"elementor-section elementor-inner-section elementor-element elementor-element-b577123 elementor-section-boxed elementor-section-height-default elementor-section-height-default sc_fly_static\" data-id=\"b577123\" data-element_type=\"section\" data-e-type=\"section\" data-settings=\"{&quot;background_background&quot;:&quot;classic&quot;}\">\n\t\t\t\t\t\t<div class=\"elementor-container elementor-column-gap-extended\">\n\t\t\t\t\t<div class=\"elementor-column elementor-col-100 elementor-inner-column elementor-element elementor-element-38ffdf7 sc_content_align_inherit sc_layouts_column_icons_position_left sc_fly_static\" data-id=\"38ffdf7\" data-element_type=\"column\" data-e-type=\"column\" data-settings=\"{&quot;background_background&quot;:&quot;classic&quot;}\">\n\t\t\t<div class=\"elementor-widget-wrap elementor-element-populated\">\n\t\t\t\t\t\t<div class=\"elementor-element elementor-element-7a2e8b4 sc_fly_static elementor-widget elementor-widget-image\" data-id=\"7a2e8b4\" data-element_type=\"widget\" data-e-type=\"widget\" data-widget_type=\"image.default\">\n\t\t\t\t<div class=\"elementor-widget-container\">\n\t\t\t\t\t\t\t\t\t\t\t\t\t\t\t<img fetchpriority=\"high\" decoding=\"async\" width=\"1024\" height=\"683\" src=\"https:\/\/www.ikonperdecy.com\/wp-content\/uploads\/2026\/03\/akilli_perde-1024x683.png\" class=\"attachment-large size-large wp-image-20809\" alt=\"\" srcset=\"https:\/\/www.ikonperdecy.com\/wp-content\/uploads\/2026\/03\/akilli_perde-1024x683.png 1024w, https:\/\/www.ikonperdecy.com\/wp-content\/uploads\/2026\/03\/akilli_perde-300x200.png 300w, https:\/\/www.ikonperdecy.com\/wp-content\/uploads\/2026\/03\/akilli_perde-768x512.png 768w, https:\/\/www.ikonperdecy.com\/wp-content\/uploads\/2026\/03\/akilli_perde-18x12.png 18w, https:\/\/www.ikonperdecy.com\/wp-content\/uploads\/2026\/03\/akilli_perde-370x247.png 370w, https:\/\/www.ikonperdecy.com\/wp-content\/uploads\/2026\/03\/akilli_perde-840x560.png 840w, https:\/\/www.ikonperdecy.com\/wp-content\/uploads\/2026\/03\/akilli_perde-410x273.png 410w, https:\/\/www.ikonperdecy.com\/wp-content\/uploads\/2026\/03\/akilli_perde-600x400.png 600w, https:\/\/www.ikonperdecy.com\/wp-content\/uploads\/2026\/03\/akilli_perde.png 1536w\" sizes=\"(max-width: 1024px) 100vw, 1024px\" \/>\t\t\t\t\t\t\t\t\t\t\t\t\t\t\t<\/div>\n\t\t\t\t<\/div>\n\t\t\t\t\t<\/div>\n\t\t<\/div>\n\t\t\t\t\t<\/div>\n\t\t<\/section>\n\t\t\t\t\t<\/div>\n\t\t<\/div>\n\t\t\t\t<div class=\"elementor-column elementor-col-50 elementor-top-column elementor-element elementor-element-5c8c3b1 sc_inner_width_1_2 sc-mobile_inner_width_none sc-tablet_inner_width_2_3 sc_content_align_inherit sc_layouts_column_icons_position_left sc_fly_static\" data-id=\"5c8c3b1\" data-element_type=\"column\" data-e-type=\"column\" data-settings=\"{&quot;background_background&quot;:&quot;classic&quot;}\">\n\t\t\t<div class=\"elementor-widget-wrap elementor-element-populated\">\n\t\t\t\t\t\t<div class=\"elementor-element elementor-element-9929faa elementor-widget__width-initial sc_fly_static elementor-widget elementor-widget-trx_sc_title\" data-id=\"9929faa\" data-element_type=\"widget\" data-e-type=\"widget\" data-widget_type=\"trx_sc_title.default\">\n\t\t\t\t<div class=\"elementor-widget-container\">\n\t\t\t\t\t<div\t\tclass=\"sc_title sc_title_default\" ><div class=\"sc_item_descr sc_title_descr\"><p>Motorized\/Smart System Blinds are advanced curtain solutions that offer both comfort and technology in modern living spaces. Thanks to their electric motor mechanism, the blinds can be easily controlled with a remote control, wall switch, or smartphone applications. These systems provide great convenience, especially in large windows, areas with high ceilings, and hard-to-reach windows.<\/p>\n<p>Motorized curtain systems can be used with different curtain models such as roller blinds, zebra blinds, blackout curtains, vertical blinds, and sheer curtains. Thanks to the integrated motor mechanism, no physical intervention is required to open and close the curtains. With a single button, the curtains can be stopped at the desired level, and light control can be easily achieved.<\/p>\n<p>Smart system blinds can also work seamlessly with smart home technologies. By setting a timer, the blinds can be automatically opened and closed at specific times. Furthermore, some systems offer more advanced features such as sun sensors or remote access capabilities.<\/p>\n<\/div><\/div>\t\t\t\t<\/div>\n\t\t\t\t<\/div>\n\t\t\t\t<div class=\"elementor-element elementor-element-145169a sc_fly_static elementor-widget elementor-widget-spacer\" data-id=\"145169a\" data-element_type=\"widget\" data-e-type=\"widget\" data-widget_type=\"spacer.default\">\n\t\t\t\t<div class=\"elementor-widget-container\">\n\t\t\t\t\t\t\t<div class=\"elementor-spacer\">\n\t\t\t<div class=\"elementor-spacer-inner\"><\/div>\n\t\t<\/div>\n\t\t\t\t\t\t<\/div>\n\t\t\t\t<\/div>\n\t\t\t\t<div class=\"elementor-element elementor-element-b0eb9e2 sc_height_small sc_layouts_hide_on_tablet sc_layouts_hide_on_mobile sc_fly_static elementor-widget elementor-widget-spacer\" data-id=\"b0eb9e2\" data-element_type=\"widget\" data-e-type=\"widget\" data-widget_type=\"spacer.default\">\n\t\t\t\t<div class=\"elementor-widget-container\">\n\t\t\t\t\t\t\t<div class=\"elementor-spacer\">\n\t\t\t<div class=\"elementor-spacer-inner\"><\/div>\n\t\t<\/div>\n\t\t\t\t\t\t<\/div>\n\t\t\t\t<\/div>\n\t\t\t\t<div class=\"elementor-element elementor-element-3ff63a7 sc_layouts_hide_on_wide sc_layouts_hide_on_desktop sc_layouts_hide_on_notebook sc_fly_static elementor-widget elementor-widget-spacer\" data-id=\"3ff63a7\" data-element_type=\"widget\" data-e-type=\"widget\" data-widget_type=\"spacer.default\">\n\t\t\t\t<div class=\"elementor-widget-container\">\n\t\t\t\t\t\t\t<div class=\"elementor-spacer\">\n\t\t\t<div class=\"elementor-spacer-inner\"><\/div>\n\t\t<\/div>\n\t\t\t\t\t\t<\/div>\n\t\t\t\t<\/div>\n\t\t\t\t\t<\/div>\n\t\t<\/div>\n\t\t\t\t\t<\/div>\n\t\t<\/section>\n\t\t\t\t<section class=\"elementor-section elementor-top-section elementor-element elementor-element-31d1159 elementor-section-boxed elementor-section-height-default elementor-section-height-default sc_fly_static\" data-id=\"31d1159\" data-element_type=\"section\" data-e-type=\"section\">\n\t\t\t\t\t\t<div class=\"elementor-container elementor-column-gap-extended\">\n\t\t\t\t\t<div class=\"elementor-column elementor-col-100 elementor-top-column elementor-element elementor-element-0214fa3 sc_content_align_inherit sc_layouts_column_icons_position_left sc_fly_static\" data-id=\"0214fa3\" data-element_type=\"column\" data-e-type=\"column\">\n\t\t\t<div class=\"elementor-widget-wrap elementor-element-populated\">\n\t\t\t\t\t\t<div class=\"elementor-element elementor-element-1fe1869 sc_fly_static elementor-widget elementor-widget-spacer\" data-id=\"1fe1869\" data-element_type=\"widget\" data-e-type=\"widget\" data-widget_type=\"spacer.default\">\n\t\t\t\t<div class=\"elementor-widget-container\">\n\t\t\t\t\t\t\t<div class=\"elementor-spacer\">\n\t\t\t<div class=\"elementor-spacer-inner\"><\/div>\n\t\t<\/div>\n\t\t\t\t\t\t<\/div>\n\t\t\t\t<\/div>\n\t\t\t\t\t<\/div>\n\t\t<\/div>\n\t\t\t\t\t<\/div>\n\t\t<\/section>\n\t\t\t\t<\/div>","protected":false},"excerpt":{"rendered":"<p>Motorlu \/ Ak\u0131ll\u0131 Sistem Perdeler, modern ya\u015fam alanlar\u0131nda konfor ve teknoloji bir arada sunan geli\u015fmi\u015f perde \u00e7\u00f6z\u00fcmleridir. Elektrikli motor mekanizmas\u0131 sayesinde perdeler uzaktan kumanda, duvar anahtar\u0131 veya ak\u0131ll\u0131 telefon uygulamalar\u0131&hellip;<\/p>","protected":false},"author":1,"featured_media":0,"parent":0,"menu_order":0,"comment_status":"closed","ping_status":"closed","template":"","meta":{"pagelayer_contact_templates":[],"_pagelayer_content":"","_joinchat":[],"footnotes":""},"class_list":["post-20547","page","type-page","status-publish","hentry"],"_links":{"self":[{"href":"https:\/\/www.ikonperdecy.com\/en\/wp-json\/wp\/v2\/pages\/20547","targetHints":{"allow":["GET"]}}],"collection":[{"href":"https:\/\/www.ikonperdecy.com\/en\/wp-json\/wp\/v2\/pages"}],"about":[{"href":"https:\/\/www.ikonperdecy.com\/en\/wp-json\/wp\/v2\/types\/page"}],"author":[{"embeddable":true,"href":"https:\/\/www.ikonperdecy.com\/en\/wp-json\/wp\/v2\/users\/1"}],"replies":[{"embeddable":true,"href":"https:\/\/www.ikonperdecy.com\/en\/wp-json\/wp\/v2\/comments?post=20547"}],"version-history":[{"count":10,"href":"https:\/\/www.ikonperdecy.com\/en\/wp-json\/wp\/v2\/pages\/20547\/revisions"}],"predecessor-version":[{"id":20812,"href":"https:\/\/www.ikonperdecy.com\/en\/wp-json\/wp\/v2\/pages\/20547\/revisions\/20812"}],"wp:attachment":[{"href":"https:\/\/www.ikonperdecy.com\/en\/wp-json\/wp\/v2\/media?parent=20547"}],"curies":[{"name":"wp","href":"https:\/\/api.w.org\/{rel}","templated":true}]}}