{"id":20527,"date":"2026-03-10T21:04:03","date_gmt":"2026-03-10T21:04:03","guid":{"rendered":"http:\/\/www.ikonperdecy.com\/?page_id=20527"},"modified":"2026-03-11T11:05:48","modified_gmt":"2026-03-11T11:05:48","slug":"blackout-karartma-tul-perde","status":"publish","type":"page","link":"https:\/\/www.ikonperdecy.com\/gr\/blackout-karartma-tul-perde\/","title":{"rendered":"\u039a\u03bf\u03c5\u03c1\u03c4\u03af\u03bd\u03b1 \u03b1\u03c0\u03cc \u03c4\u03bf\u03cd\u03bb\u03b9 \u03c3\u03c5\u03c3\u03ba\u03cc\u03c4\u03b9\u03c3\u03b7\u03c2\/\u03c3\u03c5\u03c3\u03ba\u03cc\u03c4\u03b9\u03c3\u03b7\u03c2"},"content":{"rendered":"<div data-elementor-type=\"wp-page\" data-elementor-id=\"20527\" class=\"elementor elementor-20527\" data-elementor-post-type=\"page\">\n\t\t\t\t\t\t<section class=\"elementor-section elementor-top-section elementor-element elementor-element-d25599c elementor-section-boxed elementor-section-height-default elementor-section-height-default sc_fly_static\" data-id=\"d25599c\" data-element_type=\"section\" data-e-type=\"section\">\n\t\t\t\t\t\t<div class=\"elementor-container elementor-column-gap-extended\">\n\t\t\t\t\t<div class=\"elementor-column elementor-col-100 elementor-top-column elementor-element elementor-element-23d1cea sc_content_align_inherit sc_layouts_column_icons_position_left sc_fly_static\" data-id=\"23d1cea\" data-element_type=\"column\" data-e-type=\"column\">\n\t\t\t<div class=\"elementor-widget-wrap elementor-element-populated\">\n\t\t\t\t\t\t<div class=\"elementor-element elementor-element-a35b431 sc_height_huge sc_fly_static elementor-widget elementor-widget-spacer\" data-id=\"a35b431\" data-element_type=\"widget\" data-e-type=\"widget\" data-widget_type=\"spacer.default\">\n\t\t\t\t<div class=\"elementor-widget-container\">\n\t\t\t\t\t\t\t<div class=\"elementor-spacer\">\n\t\t\t<div class=\"elementor-spacer-inner\"><\/div>\n\t\t<\/div>\n\t\t\t\t\t\t<\/div>\n\t\t\t\t<\/div>\n\t\t\t\t\t<\/div>\n\t\t<\/div>\n\t\t\t\t\t<\/div>\n\t\t<\/section>\n\t\t\t\t<section class=\"elementor-section elementor-top-section elementor-element elementor-element-9969785 elementor-section-full_width elementor-section-content-middle elementor-section-height-default elementor-section-height-default sc_fly_static\" data-id=\"9969785\" data-element_type=\"section\" data-e-type=\"section\" data-settings=\"{&quot;background_background&quot;:&quot;classic&quot;}\">\n\t\t\t\t\t\t<div class=\"elementor-container elementor-column-gap-no\">\n\t\t\t\t\t<div class=\"elementor-column elementor-col-50 elementor-top-column elementor-element elementor-element-350d548 sc_content_align_inherit sc_layouts_column_icons_position_left sc_fly_static\" data-id=\"350d548\" data-element_type=\"column\" data-e-type=\"column\" data-settings=\"{&quot;background_background&quot;:&quot;classic&quot;}\">\n\t\t\t<div class=\"elementor-widget-wrap elementor-element-populated\">\n\t\t\t\t\t\t<section class=\"elementor-section elementor-inner-section elementor-element elementor-element-b577123 elementor-section-boxed elementor-section-height-default elementor-section-height-default sc_fly_static\" data-id=\"b577123\" data-element_type=\"section\" data-e-type=\"section\" data-settings=\"{&quot;background_background&quot;:&quot;classic&quot;}\">\n\t\t\t\t\t\t<div class=\"elementor-container elementor-column-gap-extended\">\n\t\t\t\t\t<div class=\"elementor-column elementor-col-100 elementor-inner-column elementor-element elementor-element-38ffdf7 sc_content_align_inherit sc_layouts_column_icons_position_left sc_fly_static\" data-id=\"38ffdf7\" data-element_type=\"column\" data-e-type=\"column\" data-settings=\"{&quot;background_background&quot;:&quot;classic&quot;}\">\n\t\t\t<div class=\"elementor-widget-wrap elementor-element-populated\">\n\t\t\t\t\t\t<div class=\"elementor-element elementor-element-10cce33 sc_fly_static elementor-widget elementor-widget-spacer\" data-id=\"10cce33\" data-element_type=\"widget\" data-e-type=\"widget\" data-widget_type=\"spacer.default\">\n\t\t\t\t<div class=\"elementor-widget-container\">\n\t\t\t\t\t\t\t<div class=\"elementor-spacer\">\n\t\t\t<div class=\"elementor-spacer-inner\"><\/div>\n\t\t<\/div>\n\t\t\t\t\t\t<\/div>\n\t\t\t\t<\/div>\n\t\t\t\t\t<\/div>\n\t\t<\/div>\n\t\t\t\t\t<\/div>\n\t\t<\/section>\n\t\t\t\t\t<\/div>\n\t\t<\/div>\n\t\t\t\t<div class=\"elementor-column elementor-col-50 elementor-top-column elementor-element elementor-element-5c8c3b1 sc_inner_width_1_2 sc-mobile_inner_width_none sc-tablet_inner_width_2_3 sc_content_align_inherit sc_layouts_column_icons_position_left sc_fly_static\" data-id=\"5c8c3b1\" data-element_type=\"column\" data-e-type=\"column\" data-settings=\"{&quot;background_background&quot;:&quot;classic&quot;}\">\n\t\t\t<div class=\"elementor-widget-wrap elementor-element-populated\">\n\t\t\t\t\t\t<div class=\"elementor-element elementor-element-9929faa sc_fly_static elementor-widget elementor-widget-trx_sc_title\" data-id=\"9929faa\" data-element_type=\"widget\" data-e-type=\"widget\" data-widget_type=\"trx_sc_title.default\">\n\t\t\t\t<div class=\"elementor-widget-container\">\n\t\t\t\t\t<div\t\tclass=\"sc_title sc_title_default\" ><div class=\"sc_item_descr sc_title_descr\"><p>\u039f\u03b9 \u03ba\u03bf\u03c5\u03c1\u03c4\u03af\u03bd\u03b5\u03c2 \u03c3\u03c5\u03c3\u03ba\u03cc\u03c4\u03b9\u03c3\u03b7\u03c2\/\u03c3\u03ba\u03bf\u03cd\u03c1\u03b5\u03c2-\u03c3\u03ba\u03bf\u03cd\u03c1\u03b5\u03c2 \u03b4\u03b9\u03b1\u03c6\u03b1\u03bd\u03b5\u03af\u03c2 \u03ba\u03bf\u03c5\u03c1\u03c4\u03af\u03bd\u03b5\u03c2 \u03b5\u03af\u03bd\u03b1\u03b9 \u03ad\u03bd\u03b1\u03c2 \u03c4\u03cd\u03c0\u03bf\u03c2 \u03bc\u03bf\u03bd\u03c4\u03ad\u03c1\u03bd\u03b1\u03c2 \u03ba\u03bf\u03c5\u03c1\u03c4\u03af\u03bd\u03b1\u03c2 \u03c0\u03bf\u03c5 \u03c0\u03c1\u03bf\u03c4\u03b9\u03bc\u03ac\u03c4\u03b1\u03b9 \u03c3\u03c4\u03bf\u03c5\u03c2 \u03c7\u03ce\u03c1\u03bf\u03c5\u03c2 \u03b4\u03b9\u03b1\u03b2\u03af\u03c9\u03c3\u03b7\u03c2 \u03c4\u03cc\u03c3\u03bf \u03b3\u03b9\u03b1 \u03b4\u03b9\u03b1\u03ba\u03bf\u03c3\u03bc\u03b7\u03c4\u03b9\u03ba\u03ae \u03b5\u03bc\u03c6\u03ac\u03bd\u03b9\u03c3\u03b7 \u03cc\u03c3\u03bf \u03ba\u03b1\u03b9 \u03b3\u03b9\u03b1 \u03b9\u03c3\u03c7\u03c5\u03c1\u03cc \u03ad\u03bb\u03b5\u03b3\u03c7\u03bf \u03c4\u03bf\u03c5 \u03c6\u03c9\u03c4\u03cc\u03c2. \u03a7\u03ac\u03c1\u03b7 \u03c3\u03c4\u03b7\u03bd \u03b5\u03b9\u03b4\u03b9\u03ba\u03ae \u03c4\u03b5\u03c7\u03bd\u03bf\u03bb\u03bf\u03b3\u03af\u03b1 \u03cd\u03c6\u03b1\u03bd\u03c3\u03ae\u03c2 \u03c4\u03bf\u03c5\u03c2, \u03bc\u03c0\u03bb\u03bf\u03ba\u03ac\u03c1\u03bf\u03c5\u03bd \u03c3\u03b5 \u03bc\u03b5\u03b3\u03ac\u03bb\u03bf \u03b2\u03b1\u03b8\u03bc\u03cc \u03c4\u03bf \u03b5\u03b9\u03c3\u03b5\u03c1\u03c7\u03cc\u03bc\u03b5\u03bd\u03bf \u03c6\u03c9\u03c2, \u03ba\u03b1\u03b8\u03b9\u03c3\u03c4\u03ce\u03bd\u03c4\u03b1\u03c2 \u03c4\u03bf \u03b4\u03c9\u03bc\u03ac\u03c4\u03b9\u03bf \u03c0\u03b9\u03bf \u03c3\u03ba\u03bf\u03c4\u03b5\u03b9\u03bd\u03cc \u03ba\u03b1\u03b9 \u03c0\u03b9\u03bf \u03ac\u03bd\u03b5\u03c4\u03bf. \u0391\u03c5\u03c4\u03cc \u03c4\u03bf \u03c7\u03b1\u03c1\u03b1\u03ba\u03c4\u03b7\u03c1\u03b9\u03c3\u03c4\u03b9\u03ba\u03cc \u03c4\u03b9\u03c2 \u03ba\u03b1\u03b8\u03b9\u03c3\u03c4\u03ac \u03b9\u03b4\u03b9\u03b1\u03af\u03c4\u03b5\u03c1\u03b1 \u03c7\u03c1\u03ae\u03c3\u03b9\u03bc\u03b5\u03c2 \u03c3\u03b5 \u03c5\u03c0\u03bd\u03bf\u03b4\u03c9\u03bc\u03ac\u03c4\u03b9\u03b1, \u03b1\u03af\u03b8\u03bf\u03c5\u03c3\u03b5\u03c2 \u03c4\u03b7\u03bb\u03b5\u03cc\u03c1\u03b1\u03c3\u03b7\u03c2 \u03ba\u03b1\u03b9 \u03c7\u03ce\u03c1\u03bf\u03c5\u03c2 \u03cc\u03c0\u03bf\u03c5 \u03b1\u03c0\u03bf\u03bb\u03b1\u03bc\u03b2\u03ac\u03bd\u03b5\u03c4\u03b5 \u03bd\u03b1 \u03c0\u03b1\u03c1\u03b1\u03ba\u03bf\u03bb\u03bf\u03c5\u03b8\u03b5\u03af\u03c4\u03b5 \u03c4\u03b1\u03b9\u03bd\u03af\u03b5\u03c2 \u03ae \u03c4\u03b1\u03b9\u03bd\u03af\u03b5\u03c2.<\/p>\n<p>\u039f\u03b9 \u03b4\u03b9\u03b1\u03c6\u03b1\u03bd\u03b5\u03af\u03c2 \u03ba\u03bf\u03c5\u03c1\u03c4\u03af\u03bd\u03b5\u03c2 \u03c3\u03c5\u03c3\u03ba\u03cc\u03c4\u03b9\u03c3\u03b7\u03c2 \u03b5\u03af\u03bd\u03b1\u03b9 \u03ba\u03b1\u03c4\u03b1\u03c3\u03ba\u03b5\u03c5\u03b1\u03c3\u03bc\u03ad\u03bd\u03b5\u03c2 \u03b1\u03c0\u03cc \u03b5\u03b9\u03b4\u03b9\u03ba\u03ac \u03c5\u03c6\u03ac\u03c3\u03bc\u03b1\u03c4\u03b1 \u03c0\u03bf\u03c5 \u03c0\u03c1\u03bf\u03c3\u03c6\u03ad\u03c1\u03bf\u03c5\u03bd \u03c3\u03c5\u03c3\u03ba\u03cc\u03c4\u03b9\u03c3\u03b7 \u03b4\u03b9\u03b1\u03c4\u03b7\u03c1\u03ce\u03bd\u03c4\u03b1\u03c2 \u03c0\u03b1\u03c1\u03ac\u03bb\u03bb\u03b7\u03bb\u03b1 \u03c4\u03b7\u03bd \u03ba\u03bf\u03bc\u03c8\u03ae \u03b5\u03bc\u03c6\u03ac\u03bd\u03b9\u03c3\u03b7 \u03c4\u03c9\u03bd \u03ba\u03bb\u03b1\u03c3\u03b9\u03ba\u03ce\u03bd \u03b4\u03b9\u03b1\u03c6\u03b1\u03bd\u03ce\u03bd \u03ba\u03bf\u03c5\u03c1\u03c4\u03b9\u03bd\u03ce\u03bd. \u03a7\u03ac\u03c1\u03b7 \u03c3\u03c4\u03b7\u03bd \u03c0\u03c5\u03ba\u03bd\u03ae \u03c5\u03c6\u03ae \u03c4\u03bf\u03c5 \u03bd\u03ae\u03bc\u03b1\u03c4\u03bf\u03c2 \u03ae \u03c4\u03b7\u03bd \u03b5\u03b9\u03b4\u03b9\u03ba\u03ae \u03b5\u03c0\u03af\u03c3\u03c4\u03c1\u03c9\u03c3\u03b7 \u03c3\u03c4\u03bf \u03cd\u03c6\u03b1\u03c3\u03bc\u03b1, \u03c4\u03bf \u03b7\u03bb\u03b9\u03b1\u03ba\u03cc \u03c6\u03c9\u03c2 \u03c6\u03b9\u03bb\u03c4\u03c1\u03ac\u03c1\u03b5\u03c4\u03b1\u03b9 \u03c3\u03b7\u03bc\u03b1\u03bd\u03c4\u03b9\u03ba\u03ac, \u03b4\u03b7\u03bc\u03b9\u03bf\u03c5\u03c1\u03b3\u03ce\u03bd\u03c4\u03b1\u03c2 \u03ad\u03bd\u03b1 \u03c0\u03b9\u03bf \u03b9\u03c3\u03bf\u03c1\u03c1\u03bf\u03c0\u03b7\u03bc\u03ad\u03bd\u03bf \u03c0\u03b5\u03c1\u03b9\u03b2\u03ac\u03bb\u03bb\u03bf\u03bd \u03c6\u03c9\u03c4\u03b9\u03c3\u03bc\u03bf\u03cd \u03c3\u03b5 \u03b5\u03c3\u03c9\u03c4\u03b5\u03c1\u03b9\u03ba\u03bf\u03cd\u03c2 \u03c7\u03ce\u03c1\u03bf\u03c5\u03c2. \u0391\u03c5\u03c4\u03cc \u03c0\u03b1\u03c1\u03ad\u03c7\u03b5\u03b9 \u03b9\u03b4\u03b9\u03c9\u03c4\u03b9\u03ba\u03cc\u03c4\u03b7\u03c4\u03b1 \u03ba\u03b1\u03b9 \u03b5\u03bb\u03ad\u03b3\u03c7\u03b5\u03b9 \u03c4\u03bf \u03ad\u03bd\u03c4\u03bf\u03bd\u03bf \u03b5\u03b9\u03c3\u03b5\u03c1\u03c7\u03cc\u03bc\u03b5\u03bd\u03bf \u03c6\u03c9\u03c2.<\/p>\n<p>\u0393\u03b5\u03bd\u03b9\u03ba\u03ac \u03ba\u03b1\u03c4\u03b1\u03c3\u03ba\u03b5\u03c5\u03b1\u03c3\u03bc\u03ad\u03bd\u03b5\u03c2 \u03b1\u03c0\u03cc \u03c0\u03bf\u03bb\u03c5\u03b5\u03c3\u03c4\u03ad\u03c1\u03b1 \u03ae \u03b5\u03b9\u03b4\u03b9\u03ba\u03ac \u03c5\u03c6\u03ac\u03c3\u03bc\u03b1\u03c4\u03b1 \u03c3\u03c5\u03c3\u03ba\u03cc\u03c4\u03b9\u03c3\u03b7\u03c2, \u03b1\u03c5\u03c4\u03ad\u03c2 \u03bf\u03b9 \u03ba\u03bf\u03c5\u03c1\u03c4\u03af\u03bd\u03b5\u03c2 \u03c0\u03c1\u03bf\u03c3\u03c6\u03ad\u03c1\u03bf\u03c5\u03bd \u03b1\u03bd\u03b8\u03b5\u03ba\u03c4\u03b9\u03ba\u03ae \u03ba\u03b1\u03b9 \u03bc\u03b1\u03ba\u03c1\u03ac\u03c2 \u03b4\u03b9\u03b1\u03c1\u03ba\u03b5\u03af\u03b1\u03c2 \u03c7\u03c1\u03ae\u03c3\u03b7. \u0397 \u03b5\u03cd\u03ba\u03bf\u03bb\u03b7 \u03c3\u03c4\u03bf \u03ba\u03b1\u03b8\u03ac\u03c1\u03b9\u03c3\u03bc\u03b1 \u03b4\u03bf\u03bc\u03ae \u03c4\u03bf\u03c5\u03c2 \u03ba\u03b1\u03b9 \u03b7 \u03b1\u03bd\u03b8\u03b5\u03ba\u03c4\u03b9\u03ba\u03ae \u03c3\u03c4\u03b9\u03c2 \u03b6\u03ac\u03c1\u03b5\u03c2 \u03c5\u03c6\u03ae \u03c4\u03bf\u03c5\u03c2 \u03c4\u03b9\u03c2 \u03ba\u03b1\u03b8\u03b9\u03c3\u03c4\u03bf\u03cd\u03bd \u03bc\u03b9\u03b1 \u03c0\u03c1\u03b1\u03ba\u03c4\u03b9\u03ba\u03ae \u03bb\u03cd\u03c3\u03b7 \u03b3\u03b9\u03b1 \u03ba\u03b1\u03b8\u03b7\u03bc\u03b5\u03c1\u03b9\u03bd\u03ae \u03c7\u03c1\u03ae\u03c3\u03b7. \u0395\u03c0\u03b9\u03c0\u03bb\u03ad\u03bf\u03bd, \u03bc\u03b5 \u03bc\u03b9\u03b1 \u03c0\u03bf\u03b9\u03ba\u03b9\u03bb\u03af\u03b1 \u03b5\u03c0\u03b9\u03bb\u03bf\u03b3\u03ce\u03bd \u03c7\u03c1\u03c9\u03bc\u03ac\u03c4\u03c9\u03bd \u03ba\u03b1\u03b9 \u03bc\u03bf\u03bd\u03c4\u03ad\u03bb\u03c9\u03bd, \u03c0\u03c1\u03bf\u03c3\u03b1\u03c1\u03bc\u03cc\u03b6\u03bf\u03bd\u03c4\u03b1\u03b9 \u03b5\u03cd\u03ba\u03bf\u03bb\u03b1 \u03c3\u03b5 \u03bc\u03bf\u03bd\u03c4\u03ad\u03c1\u03bd\u03b1, \u03ba\u03bb\u03b1\u03c3\u03b9\u03ba\u03ac \u03ae \u03bc\u03b9\u03bd\u03b9\u03bc\u03b1\u03bb\u03b9\u03c3\u03c4\u03b9\u03ba\u03ac \u03c3\u03c4\u03c5\u03bb \u03b4\u03b9\u03b1\u03ba\u03cc\u03c3\u03bc\u03b7\u03c3\u03b7\u03c2.<\/p>\n<\/div><\/div>\t\t\t\t<\/div>\n\t\t\t\t<\/div>\n\t\t\t\t<div class=\"elementor-element elementor-element-145169a sc_fly_static elementor-widget elementor-widget-spacer\" data-id=\"145169a\" data-element_type=\"widget\" data-e-type=\"widget\" data-widget_type=\"spacer.default\">\n\t\t\t\t<div class=\"elementor-widget-container\">\n\t\t\t\t\t\t\t<div class=\"elementor-spacer\">\n\t\t\t<div class=\"elementor-spacer-inner\"><\/div>\n\t\t<\/div>\n\t\t\t\t\t\t<\/div>\n\t\t\t\t<\/div>\n\t\t\t\t<div class=\"elementor-element elementor-element-b0eb9e2 sc_height_small sc_layouts_hide_on_tablet sc_layouts_hide_on_mobile sc_fly_static elementor-widget elementor-widget-spacer\" data-id=\"b0eb9e2\" data-element_type=\"widget\" data-e-type=\"widget\" data-widget_type=\"spacer.default\">\n\t\t\t\t<div class=\"elementor-widget-container\">\n\t\t\t\t\t\t\t<div class=\"elementor-spacer\">\n\t\t\t<div class=\"elementor-spacer-inner\"><\/div>\n\t\t<\/div>\n\t\t\t\t\t\t<\/div>\n\t\t\t\t<\/div>\n\t\t\t\t<div class=\"elementor-element elementor-element-3ff63a7 sc_layouts_hide_on_wide sc_layouts_hide_on_desktop sc_layouts_hide_on_notebook sc_fly_static elementor-widget elementor-widget-spacer\" data-id=\"3ff63a7\" data-element_type=\"widget\" data-e-type=\"widget\" data-widget_type=\"spacer.default\">\n\t\t\t\t<div class=\"elementor-widget-container\">\n\t\t\t\t\t\t\t<div class=\"elementor-spacer\">\n\t\t\t<div class=\"elementor-spacer-inner\"><\/div>\n\t\t<\/div>\n\t\t\t\t\t\t<\/div>\n\t\t\t\t<\/div>\n\t\t\t\t\t<\/div>\n\t\t<\/div>\n\t\t\t\t\t<\/div>\n\t\t<\/section>\n\t\t\t\t<section class=\"elementor-section elementor-top-section elementor-element elementor-element-31d1159 elementor-section-boxed elementor-section-height-default elementor-section-height-default sc_fly_static\" data-id=\"31d1159\" data-element_type=\"section\" data-e-type=\"section\">\n\t\t\t\t\t\t<div class=\"elementor-container elementor-column-gap-extended\">\n\t\t\t\t\t<div class=\"elementor-column elementor-col-100 elementor-top-column elementor-element elementor-element-0214fa3 sc_content_align_inherit sc_layouts_column_icons_position_left sc_fly_static\" data-id=\"0214fa3\" data-element_type=\"column\" data-e-type=\"column\">\n\t\t\t<div class=\"elementor-widget-wrap elementor-element-populated\">\n\t\t\t\t\t\t<div class=\"elementor-element elementor-element-1fe1869 sc_fly_static elementor-widget elementor-widget-spacer\" data-id=\"1fe1869\" data-element_type=\"widget\" data-e-type=\"widget\" data-widget_type=\"spacer.default\">\n\t\t\t\t<div class=\"elementor-widget-container\">\n\t\t\t\t\t\t\t<div class=\"elementor-spacer\">\n\t\t\t<div class=\"elementor-spacer-inner\"><\/div>\n\t\t<\/div>\n\t\t\t\t\t\t<\/div>\n\t\t\t\t<\/div>\n\t\t\t\t\t<\/div>\n\t\t<\/div>\n\t\t\t\t\t<\/div>\n\t\t<\/section>\n\t\t\t\t<\/div>","protected":false},"excerpt":{"rendered":"<p>Blackout \/ Karartma T\u00fcl Perde, ya\u015fam alanlar\u0131nda hem dekoratif bir g\u00f6r\u00fcn\u00fcm hem de g\u00fc\u00e7l\u00fc \u0131\u015f\u0131k kontrol\u00fc sa\u011flamak amac\u0131yla tercih edilen modern perde t\u00fcrlerinden biridir. \u00d6zel dokuma teknolojisi sayesinde d\u0131\u015far\u0131dan gelen&hellip;<\/p>","protected":false},"author":1,"featured_media":0,"parent":0,"menu_order":0,"comment_status":"closed","ping_status":"closed","template":"","meta":{"pagelayer_contact_templates":[],"_pagelayer_content":"","_joinchat":[],"footnotes":""},"class_list":["post-20527","page","type-page","status-publish","hentry"],"_links":{"self":[{"href":"https:\/\/www.ikonperdecy.com\/gr\/wp-json\/wp\/v2\/pages\/20527","targetHints":{"allow":["GET"]}}],"collection":[{"href":"https:\/\/www.ikonperdecy.com\/gr\/wp-json\/wp\/v2\/pages"}],"about":[{"href":"https:\/\/www.ikonperdecy.com\/gr\/wp-json\/wp\/v2\/types\/page"}],"author":[{"embeddable":true,"href":"https:\/\/www.ikonperdecy.com\/gr\/wp-json\/wp\/v2\/users\/1"}],"replies":[{"embeddable":true,"href":"https:\/\/www.ikonperdecy.com\/gr\/wp-json\/wp\/v2\/comments?post=20527"}],"version-history":[{"count":13,"href":"https:\/\/www.ikonperdecy.com\/gr\/wp-json\/wp\/v2\/pages\/20527\/revisions"}],"predecessor-version":[{"id":20717,"href":"https:\/\/www.ikonperdecy.com\/gr\/wp-json\/wp\/v2\/pages\/20527\/revisions\/20717"}],"wp:attachment":[{"href":"https:\/\/www.ikonperdecy.com\/gr\/wp-json\/wp\/v2\/media?parent=20527"}],"curies":[{"name":"wp","href":"https:\/\/api.w.org\/{rel}","templated":true}]}}